{"id":18564,"date":"2020-05-27T15:24:49","date_gmt":"2020-05-27T15:24:49","guid":{"rendered":"https:\/\/goodwish.qodeinteractive.com\/elementor\/?page_id=18564"},"modified":"2025-11-24T13:10:48","modified_gmt":"2025-11-24T13:10:48","slug":"contact-us","status":"publish","type":"page","link":"https:\/\/naturelb.lu\/?page_id=18564","title":{"rendered":"Contact"},"content":{"rendered":"\t\t<div data-elementor-type=\"wp-page\" data-elementor-id=\"18564\" class=\"elementor elementor-18564\" data-elementor-settings=\"[]\">\n\t\t\t\t\t\t\t<div class=\"elementor-section-wrap\">\n\t\t\t\t\t\t\t<section class=\"elementor-section elementor-top-section elementor-element elementor-element-e3fc9aa edgtf-elementor-container-inner elementor-section-boxed elementor-section-height-default elementor-section-height-default edgtf-section edgtf-parallax-section-holder-touch-disabled edgtf-parallax-section-no\" data-id=\"e3fc9aa\" data-element_type=\"section\">\n\t\t\t\t\t\t<div class=\"elementor-container elementor-column-gap-default\">\n\t\t\t\t\t<div class=\"elementor-column elementor-col-50 elementor-top-column elementor-element elementor-element-2ebabac\" data-id=\"2ebabac\" data-element_type=\"column\">\n\t\t\t<div class=\"elementor-widget-wrap elementor-element-populated\">\n\t\t\t\t\t\t\t\t<div class=\"elementor-element elementor-element-1a54fc1 elementor-widget elementor-widget-text-editor\" data-id=\"1a54fc1\" data-element_type=\"widget\" data-widget_type=\"text-editor.default\">\n\t\t\t\t<div class=\"elementor-widget-container\">\n\t\t\t<style>\/*! elementor - v3.5.4 - 23-01-2022 *\/\n.elementor-widget-text-editor.elementor-drop-cap-view-stacked .elementor-drop-cap{background-color:#818a91;color:#fff}.elementor-widget-text-editor.elementor-drop-cap-view-framed .elementor-drop-cap{color:#818a91;border:3px solid;background-color:transparent}.elementor-widget-text-editor:not(.elementor-drop-cap-view-default) .elementor-drop-cap{margin-top:8px}.elementor-widget-text-editor:not(.elementor-drop-cap-view-default) .elementor-drop-cap-letter{width:1em;height:1em}.elementor-widget-text-editor .elementor-drop-cap{float:left;text-align:center;line-height:1;font-size:50px}.elementor-widget-text-editor .elementor-drop-cap-letter{display:inline-block}<\/style>\t\t\t\t<h2>Contactez-nous<\/h2>\t\t\t\t\t\t<\/div>\n\t\t\t\t<\/div>\n\t\t\t\t<div class=\"elementor-element elementor-element-da1e3bf elementor-widget elementor-widget-edgtf_separator\" data-id=\"da1e3bf\" data-element_type=\"widget\" data-widget_type=\"edgtf_separator.default\">\n\t\t\t\t<div class=\"elementor-widget-container\">\n\t\t\t<div class=\"edgtf-separator-holder clearfix  edgtf-separator-left edgtf-separator-normal\">\n\t<div class=\"edgtf-separator\" style=\"border-color: #FCBF48;width: 50px;border-bottom-width: 3px;margin-top: 25px;margin-bottom: 25px\"><\/div>\n<\/div>\n\t\t<\/div>\n\t\t\t\t<\/div>\n\t\t\t\t<div class=\"elementor-element elementor-element-71b4c56 elementor-widget elementor-widget-text-editor\" data-id=\"71b4c56\" data-element_type=\"widget\" data-widget_type=\"text-editor.default\">\n\t\t\t\t<div class=\"elementor-widget-container\">\n\t\t\t\t\t\t\t<p>Nous sommes \u00e0 votre \u00e9coute pour toute question ou renseignements. Contactez-nous et nous vous r\u00e9pondrons dans les meilleurs d\u00e9lais.<\/p>\t\t\t\t\t\t<\/div>\n\t\t\t\t<\/div>\n\t\t\t\t<div class=\"elementor-element elementor-element-c1a052d elementor-widget elementor-widget-edgtf_cf7\" data-id=\"c1a052d\" data-element_type=\"widget\" data-widget_type=\"edgtf_cf7.default\">\n\t\t\t\t<div class=\"elementor-widget-container\">\n\t\t\t    <div role=\"form\" class=\"wpcf7\" id=\"wpcf7-f13143-o1\" lang=\"en-US\" dir=\"ltr\">\n<div class=\"screen-reader-response\"><p role=\"status\" aria-live=\"polite\" aria-atomic=\"true\"><\/p> <ul><\/ul><\/div>\n<form action=\"\/index.php?rest_route=%2Fwp%2Fv2%2Fpages%2F18564#wpcf7-f13143-o1\" method=\"post\" class=\"wpcf7-form init default\" novalidate=\"novalidate\" data-status=\"init\">\n<div style=\"display: none;\">\n<input type=\"hidden\" name=\"_wpcf7\" value=\"13143\" \/>\n<input type=\"hidden\" name=\"_wpcf7_version\" value=\"5.5.6\" \/>\n<input type=\"hidden\" name=\"_wpcf7_locale\" value=\"en_US\" \/>\n<input type=\"hidden\" name=\"_wpcf7_unit_tag\" value=\"wpcf7-f13143-o1\" \/>\n<input type=\"hidden\" name=\"_wpcf7_container_post\" value=\"0\" \/>\n<input type=\"hidden\" name=\"_wpcf7_posted_data_hash\" value=\"\" \/>\n<\/div>\n<div><span class=\"wpcf7-form-control-wrap your-name\"><input type=\"text\" name=\"your-name\" value=\"\" size=\"40\" class=\"wpcf7-form-control wpcf7-text\" aria-invalid=\"false\" placeholder=\"Votre Pr\u00e9nom &amp; Nom\" \/><\/span><\/div>\n<div><span class=\"wpcf7-form-control-wrap email\"><input type=\"email\" name=\"email\" value=\"\" size=\"40\" class=\"wpcf7-form-control wpcf7-text wpcf7-email wpcf7-validates-as-email\" aria-invalid=\"false\" placeholder=\"Votre Email\" \/><\/span><\/div>\n<div><span class=\"wpcf7-form-control-wrap your-message\"><textarea name=\"your-message\" cols=\"40\" rows=\"11\" class=\"wpcf7-form-control wpcf7-textarea\" aria-invalid=\"false\" placeholder=\"Votre Message\"><\/textarea><\/span><\/div>\n<div class=\"edgtf-cf7-submit\"><input type=\"submit\" value=\"Envoyer\" class=\"wpcf7-form-control has-spinner wpcf7-submit\" \/><\/div>\n<div class=\"wpcf7-response-output\" aria-hidden=\"true\"><\/div><\/form><\/div>\t\t<\/div>\n\t\t\t\t<\/div>\n\t\t\t\t\t<\/div>\n\t\t<\/div>\n\t\t\t\t<div class=\"elementor-column elementor-col-50 elementor-top-column elementor-element elementor-element-3db003e\" data-id=\"3db003e\" data-element_type=\"column\">\n\t\t\t<div class=\"elementor-widget-wrap elementor-element-populated\">\n\t\t\t\t\t\t\t\t<div class=\"elementor-element elementor-element-8301c6c elementor-widget elementor-widget-text-editor\" data-id=\"8301c6c\" data-element_type=\"widget\" data-widget_type=\"text-editor.default\">\n\t\t\t\t<div class=\"elementor-widget-container\">\n\t\t\t\t\t\t\t<h2>Centre Naturel Beaut\u00e9<\/h2>\t\t\t\t\t\t<\/div>\n\t\t\t\t<\/div>\n\t\t\t\t<div class=\"elementor-element elementor-element-5c88ab9 elementor-widget elementor-widget-edgtf_separator\" data-id=\"5c88ab9\" data-element_type=\"widget\" data-widget_type=\"edgtf_separator.default\">\n\t\t\t\t<div class=\"elementor-widget-container\">\n\t\t\t<div class=\"edgtf-separator-holder clearfix  edgtf-separator-left edgtf-separator-normal\">\n\t<div class=\"edgtf-separator\" style=\"border-color: #FCBF48;width: 50px;border-bottom-width: 3px;margin-top: 25px;margin-bottom: 25px\"><\/div>\n<\/div>\n\t\t<\/div>\n\t\t\t\t<\/div>\n\t\t\t\t<div class=\"elementor-element elementor-element-9374e5b elementor-widget elementor-widget-text-editor\" data-id=\"9374e5b\" data-element_type=\"widget\" data-widget_type=\"text-editor.default\">\n\t\t\t\t<div class=\"elementor-widget-container\">\n\t\t\t\t\t\t\t<p>Install\u00e9es depuis 2003 \u00e0 Bettembourg, Antoinette et M\u00e9lanie vous proposent des prestations de qualit\u00e9 dans un cadre chaleureux, propice \u00e0 la relaxation.<\/p><p>Notre centre est am\u00e9nag\u00e9 sur 2 \u00e9tages afin de vous apporter tout le bien \u00eatre n\u00e9cessaire \u00e0 une d\u00e9tente optimale.<\/p>\t\t\t\t\t\t<\/div>\n\t\t\t\t<\/div>\n\t\t\t\t<section class=\"elementor-section elementor-inner-section elementor-element elementor-element-5656efa elementor-section-boxed elementor-section-height-default elementor-section-height-default edgtf-elementor-container-no edgtf-section edgtf-parallax-section-holder-touch-disabled edgtf-parallax-section-no\" data-id=\"5656efa\" data-element_type=\"section\">\n\t\t\t\t\t\t<div class=\"elementor-container elementor-column-gap-default\">\n\t\t\t\t\t<div class=\"elementor-column elementor-col-50 elementor-inner-column elementor-element elementor-element-a6b872c\" data-id=\"a6b872c\" data-element_type=\"column\">\n\t\t\t<div class=\"elementor-widget-wrap elementor-element-populated\">\n\t\t\t\t\t\t\t\t<div class=\"elementor-element elementor-element-6173e95 elementor-widget elementor-widget-edgtf_icon_with_text\" data-id=\"6173e95\" data-element_type=\"widget\" data-widget_type=\"edgtf_icon_with_text.default\">\n\t\t\t\t<div class=\"elementor-widget-container\">\n\t\t\t<div class=\"edgtf-iwt clearfix edgtf-iwt-icon-left edgtf-iwt-icon-tiny\">\n    <div class=\"edgtf-iwt-icon-holder\">\n                    \n    <span class=\"edgtf-icon-shortcode normal edgtf-icon-tiny\"  data-color=\"#FCBF48\">\n        \n        <span aria-hidden=\"true\" class=\"edgtf-icon-font-elegant icon_pin edgtf-icon-element\" style=\"color: #FCBF48\" ><\/span>\n            <\/span>\n\n            <\/div>\n    <div class=\"edgtf-iwt-content-holder\" >\n        <div class=\"edgtf-iwt-title-holder\">\n\t\t\t                                    <a itemprop=\"url\" class=\"edgtf-iwt-link\" href=\"#\" target=\"_self\">\n                                    <h4 >Adresse<\/h4>\n                                    <\/a>\n                                    <\/div>\n        <div class=\"edgtf-iwt-text-holder\">\n            <p >1 Rue de l'Ind\u00e9pendance\nL-3238 Bettembourg<\/p>\n\n                    <\/div>\n    <\/div>\n<\/div>\t\t<\/div>\n\t\t\t\t<\/div>\n\t\t\t\t<div class=\"elementor-element elementor-element-d8728da elementor-widget elementor-widget-edgtf_icon_with_text\" data-id=\"d8728da\" data-element_type=\"widget\" data-widget_type=\"edgtf_icon_with_text.default\">\n\t\t\t\t<div class=\"elementor-widget-container\">\n\t\t\t<div class=\"edgtf-iwt clearfix edgtf-iwt-icon-left edgtf-iwt-icon-tiny\">\n    <div class=\"edgtf-iwt-icon-holder\">\n                    \n    <span class=\"edgtf-icon-shortcode normal edgtf-icon-tiny\"  data-color=\"#FCBF48\">\n        \n        <span aria-hidden=\"true\" class=\"edgtf-icon-font-elegant icon_phone edgtf-icon-element\" style=\"color: #FCBF48\" ><\/span>\n            <\/span>\n\n            <\/div>\n    <div class=\"edgtf-iwt-content-holder\" >\n        <div class=\"edgtf-iwt-title-holder\">\n\t\t\t                                    <a itemprop=\"url\" class=\"edgtf-iwt-link\" href=\"#\" target=\"_self\">\n                                    <h4 >T\u00e9l\u00e9phone<\/h4>\n                                    <\/a>\n                                    <\/div>\n        <div class=\"edgtf-iwt-text-holder\">\n            <p >Fixe: +352 26 52 27 55<br>\n<\/p>\n\n                    <\/div>\n    <\/div>\n<\/div>\t\t<\/div>\n\t\t\t\t<\/div>\n\t\t\t\t<div class=\"elementor-element elementor-element-5cda6d3 elementor-widget elementor-widget-edgtf_icon_with_text\" data-id=\"5cda6d3\" data-element_type=\"widget\" data-widget_type=\"edgtf_icon_with_text.default\">\n\t\t\t\t<div class=\"elementor-widget-container\">\n\t\t\t<div class=\"edgtf-iwt clearfix edgtf-iwt-icon-left edgtf-iwt-icon-tiny\">\n    <div class=\"edgtf-iwt-icon-holder\">\n                    \n    <span class=\"edgtf-icon-shortcode normal edgtf-icon-tiny\"  data-color=\"#FCBF48\">\n        \n        <span aria-hidden=\"true\" class=\"edgtf-icon-font-elegant icon_mail_alt edgtf-icon-element\" style=\"color: #FCBF48\" ><\/span>\n            <\/span>\n\n            <\/div>\n    <div class=\"edgtf-iwt-content-holder\" >\n        <div class=\"edgtf-iwt-title-holder\">\n\t\t\t                                    <a itemprop=\"url\" class=\"edgtf-iwt-link\" href=\"#\" target=\"_self\">\n                                    <h4 >Email<\/h4>\n                                    <\/a>\n                                    <\/div>\n        <div class=\"edgtf-iwt-text-holder\">\n            <p >melanie.fenucci@gmail.com <br>\n<\/p>\n\n                    <\/div>\n    <\/div>\n<\/div>\t\t<\/div>\n\t\t\t\t<\/div>\n\t\t\t\t\t<\/div>\n\t\t<\/div>\n\t\t\t\t<div class=\"elementor-column elementor-col-50 elementor-inner-column elementor-element elementor-element-6f9ae53\" data-id=\"6f9ae53\" data-element_type=\"column\">\n\t\t\t<div class=\"elementor-widget-wrap\">\n\t\t\t\t\t\t\t\t\t<\/div>\n\t\t<\/div>\n\t\t\t\t\t\t\t<\/div>\n\t\t<\/section>\n\t\t\t\t\t<\/div>\n\t\t<\/div>\n\t\t\t\t\t\t\t<\/div>\n\t\t<\/section>\n\t\t\t\t\t\t<\/div>\n\t\t\t\t\t<\/div>\n\t\t","protected":false},"excerpt":{"rendered":"<p>Contactez-nous Nous sommes \u00e0 votre \u00e9coute pour toute question ou renseignements. Contactez-nous et nous vous r\u00e9pondrons dans les meilleurs d\u00e9lais. Centre Naturel Beaut\u00e9 Install\u00e9es depuis 2003 \u00e0 Bettembourg, Antoinette et M\u00e9lanie vous proposent des prestations de qualit\u00e9 dans un cadre chaleureux, propice \u00e0 la relaxation. Notre centre est am\u00e9nag\u00e9 sur 2 \u00e9tages afin de vous&#8230;<\/p>\n","protected":false},"author":2,"featured_media":0,"parent":0,"menu_order":0,"comment_status":"closed","ping_status":"closed","template":"full-width.php","meta":[],"yoast_head":"<!-- This site is optimized with the Yoast SEO plugin v19.13 - https:\/\/yoast.com\/wordpress\/plugins\/seo\/ -->\n<title>Contact - Institut Naturel Beaut\u00e9<\/title>\n<meta name=\"robots\" content=\"index, follow, max-snippet:-1, max-image-preview:large, max-video-preview:-1\" \/>\n<link rel=\"canonical\" href=\"https:\/\/naturelb.lu\/?page_id=18564\" \/>\n<meta property=\"og:locale\" content=\"en_US\" \/>\n<meta property=\"og:type\" content=\"article\" \/>\n<meta property=\"og:title\" content=\"Contact - Institut Naturel Beaut\u00e9\" \/>\n<meta property=\"og:description\" content=\"Contactez-nous Nous sommes \u00e0 votre \u00e9coute pour toute question ou renseignements. Contactez-nous et nous vous r\u00e9pondrons dans les meilleurs d\u00e9lais. Centre Naturel Beaut\u00e9 Install\u00e9es depuis 2003 \u00e0 Bettembourg, Antoinette et M\u00e9lanie vous proposent des prestations de qualit\u00e9 dans un cadre chaleureux, propice \u00e0 la relaxation. Notre centre est am\u00e9nag\u00e9 sur 2 \u00e9tages afin de vous...\" \/>\n<meta property=\"og:url\" content=\"https:\/\/naturelb.lu\/?page_id=18564\" \/>\n<meta property=\"og:site_name\" content=\"Institut Naturel Beaut\u00e9\" \/>\n<meta property=\"article:modified_time\" content=\"2025-11-24T13:10:48+00:00\" \/>\n<meta name=\"twitter:card\" content=\"summary_large_image\" \/>\n<meta name=\"twitter:label1\" content=\"Est. reading time\" \/>\n\t<meta name=\"twitter:data1\" content=\"1 minute\" \/>\n<script type=\"application\/ld+json\" class=\"yoast-schema-graph\">{\"@context\":\"https:\/\/schema.org\",\"@graph\":[{\"@type\":\"WebPage\",\"@id\":\"https:\/\/naturelb.lu\/?page_id=18564\",\"url\":\"https:\/\/naturelb.lu\/?page_id=18564\",\"name\":\"Contact - Institut Naturel Beaut\u00e9\",\"isPartOf\":{\"@id\":\"https:\/\/naturelb.lu\/#website\"},\"datePublished\":\"2020-05-27T15:24:49+00:00\",\"dateModified\":\"2025-11-24T13:10:48+00:00\",\"breadcrumb\":{\"@id\":\"https:\/\/naturelb.lu\/?page_id=18564#breadcrumb\"},\"inLanguage\":\"en-US\",\"potentialAction\":[{\"@type\":\"ReadAction\",\"target\":[\"https:\/\/naturelb.lu\/?page_id=18564\"]}]},{\"@type\":\"BreadcrumbList\",\"@id\":\"https:\/\/naturelb.lu\/?page_id=18564#breadcrumb\",\"itemListElement\":[{\"@type\":\"ListItem\",\"position\":1,\"name\":\"Accueil\",\"item\":\"https:\/\/naturelb.lu\/\"},{\"@type\":\"ListItem\",\"position\":2,\"name\":\"Contact\"}]},{\"@type\":\"WebSite\",\"@id\":\"https:\/\/naturelb.lu\/#website\",\"url\":\"https:\/\/naturelb.lu\/\",\"name\":\"Institut Naturel Beaut\u00e9\",\"description\":\"\",\"potentialAction\":[{\"@type\":\"SearchAction\",\"target\":{\"@type\":\"EntryPoint\",\"urlTemplate\":\"https:\/\/naturelb.lu\/?s={search_term_string}\"},\"query-input\":\"required name=search_term_string\"}],\"inLanguage\":\"en-US\"}]}<\/script>\n<!-- \/ Yoast SEO plugin. -->","yoast_head_json":{"title":"Contact - Institut Naturel Beaut\u00e9","robots":{"index":"index","follow":"follow","max-snippet":"max-snippet:-1","max-image-preview":"max-image-preview:large","max-video-preview":"max-video-preview:-1"},"canonical":"https:\/\/naturelb.lu\/?page_id=18564","og_locale":"en_US","og_type":"article","og_title":"Contact - Institut Naturel Beaut\u00e9","og_description":"Contactez-nous Nous sommes \u00e0 votre \u00e9coute pour toute question ou renseignements. Contactez-nous et nous vous r\u00e9pondrons dans les meilleurs d\u00e9lais. Centre Naturel Beaut\u00e9 Install\u00e9es depuis 2003 \u00e0 Bettembourg, Antoinette et M\u00e9lanie vous proposent des prestations de qualit\u00e9 dans un cadre chaleureux, propice \u00e0 la relaxation. Notre centre est am\u00e9nag\u00e9 sur 2 \u00e9tages afin de vous...","og_url":"https:\/\/naturelb.lu\/?page_id=18564","og_site_name":"Institut Naturel Beaut\u00e9","article_modified_time":"2025-11-24T13:10:48+00:00","twitter_card":"summary_large_image","twitter_misc":{"Est. reading time":"1 minute"},"schema":{"@context":"https:\/\/schema.org","@graph":[{"@type":"WebPage","@id":"https:\/\/naturelb.lu\/?page_id=18564","url":"https:\/\/naturelb.lu\/?page_id=18564","name":"Contact - Institut Naturel Beaut\u00e9","isPartOf":{"@id":"https:\/\/naturelb.lu\/#website"},"datePublished":"2020-05-27T15:24:49+00:00","dateModified":"2025-11-24T13:10:48+00:00","breadcrumb":{"@id":"https:\/\/naturelb.lu\/?page_id=18564#breadcrumb"},"inLanguage":"en-US","potentialAction":[{"@type":"ReadAction","target":["https:\/\/naturelb.lu\/?page_id=18564"]}]},{"@type":"BreadcrumbList","@id":"https:\/\/naturelb.lu\/?page_id=18564#breadcrumb","itemListElement":[{"@type":"ListItem","position":1,"name":"Accueil","item":"https:\/\/naturelb.lu\/"},{"@type":"ListItem","position":2,"name":"Contact"}]},{"@type":"WebSite","@id":"https:\/\/naturelb.lu\/#website","url":"https:\/\/naturelb.lu\/","name":"Institut Naturel Beaut\u00e9","description":"","potentialAction":[{"@type":"SearchAction","target":{"@type":"EntryPoint","urlTemplate":"https:\/\/naturelb.lu\/?s={search_term_string}"},"query-input":"required name=search_term_string"}],"inLanguage":"en-US"}]}},"_links":{"self":[{"href":"https:\/\/naturelb.lu\/index.php?rest_route=\/wp\/v2\/pages\/18564"}],"collection":[{"href":"https:\/\/naturelb.lu\/index.php?rest_route=\/wp\/v2\/pages"}],"about":[{"href":"https:\/\/naturelb.lu\/index.php?rest_route=\/wp\/v2\/types\/page"}],"author":[{"embeddable":true,"href":"https:\/\/naturelb.lu\/index.php?rest_route=\/wp\/v2\/users\/2"}],"replies":[{"embeddable":true,"href":"https:\/\/naturelb.lu\/index.php?rest_route=%2Fwp%2Fv2%2Fcomments&post=18564"}],"version-history":[{"count":26,"href":"https:\/\/naturelb.lu\/index.php?rest_route=\/wp\/v2\/pages\/18564\/revisions"}],"predecessor-version":[{"id":20610,"href":"https:\/\/naturelb.lu\/index.php?rest_route=\/wp\/v2\/pages\/18564\/revisions\/20610"}],"wp:attachment":[{"href":"https:\/\/naturelb.lu\/index.php?rest_route=%2Fwp%2Fv2%2Fmedia&parent=18564"}],"curies":[{"name":"wp","href":"https:\/\/api.w.org\/{rel}","templated":true}]}}