{"id":20438,"date":"2025-10-29T14:22:23","date_gmt":"2025-10-29T14:22:23","guid":{"rendered":"https:\/\/naturelb.lu\/?page_id=20438"},"modified":"2025-11-14T10:05:54","modified_gmt":"2025-11-14T10:05:54","slug":"naturopathie-menopause-reconnecter-son-corps-traverser-en-conscience","status":"publish","type":"page","link":"https:\/\/naturelb.lu\/?page_id=20438","title":{"rendered":"La m\u00e9nopause : honorer cette nouvelle \u00e9tape"},"content":{"rendered":"\t\t<div data-elementor-type=\"wp-page\" data-elementor-id=\"20438\" class=\"elementor elementor-20438\" data-elementor-settings=\"[]\">\n\t\t\t\t\t\t\t<div class=\"elementor-section-wrap\">\n\t\t\t\t\t\t\t<section class=\"elementor-section elementor-top-section elementor-element elementor-element-ebcd4db elementor-section-boxed elementor-section-height-default elementor-section-height-default edgtf-elementor-container-no edgtf-section edgtf-parallax-section-holder-touch-disabled edgtf-parallax-section-no\" data-id=\"ebcd4db\" data-element_type=\"section\">\n\t\t\t\t\t\t<div class=\"elementor-container elementor-column-gap-default\">\n\t\t\t\t\t<div class=\"elementor-column elementor-col-100 elementor-top-column elementor-element elementor-element-9945191\" data-id=\"9945191\" data-element_type=\"column\">\n\t\t\t<div class=\"elementor-widget-wrap elementor-element-populated\">\n\t\t\t\t\t\t\t\t<div class=\"elementor-element elementor-element-80295c3 elementor-widget elementor-widget-heading\" data-id=\"80295c3\" data-element_type=\"widget\" data-widget_type=\"heading.default\">\n\t\t\t\t<div class=\"elementor-widget-container\">\n\t\t\t<style>\/*! elementor - v3.5.4 - 23-01-2022 *\/\n.elementor-heading-title{padding:0;margin:0;line-height:1}.elementor-widget-heading .elementor-heading-title[class*=elementor-size-]>a{color:inherit;font-size:inherit;line-height:inherit}.elementor-widget-heading .elementor-heading-title.elementor-size-small{font-size:15px}.elementor-widget-heading .elementor-heading-title.elementor-size-medium{font-size:19px}.elementor-widget-heading .elementor-heading-title.elementor-size-large{font-size:29px}.elementor-widget-heading .elementor-heading-title.elementor-size-xl{font-size:39px}.elementor-widget-heading .elementor-heading-title.elementor-size-xxl{font-size:59px}<\/style><h4 class=\"elementor-heading-title elementor-size-default\"><a href=\"http:\/\/\u00a7\">Accompagner le corps, apaiser l\u2019esprit, honorer cette nouvelle \u00e9tape.<\/br>\n\nLa m\u00e9nopause n\u2019est pas une fin, c\u2019est une transition. Un changement profond, parfois d\u00e9stabilisant, mais aussi une occasion de renouer avec soi-m\u00eame, de se recentrer sur ses besoins, son \u00e9nergie, son rythme.\nJe vous propose un accompagnement global, doux et naturel, bas\u00e9 sur la naturopathie, l'\u00e9coute et des outils de mieux-\u00eatre adapt\u00e9s \u00e0 votre histoire.\n<\/a><\/h4>\t\t<\/div>\n\t\t\t\t<\/div>\n\t\t\t\t\t<\/div>\n\t\t<\/div>\n\t\t\t\t\t\t\t<\/div>\n\t\t<\/section>\n\t\t\t\t<section class=\"elementor-section elementor-top-section elementor-element elementor-element-74cbc7e elementor-section-boxed elementor-section-height-default elementor-section-height-default edgtf-elementor-container-no edgtf-section edgtf-parallax-section-holder-touch-disabled edgtf-parallax-section-no\" data-id=\"74cbc7e\" data-element_type=\"section\">\n\t\t\t\t\t\t<div class=\"elementor-container elementor-column-gap-default\">\n\t\t\t\t\t<div class=\"elementor-column elementor-col-100 elementor-top-column elementor-element elementor-element-8908e6f\" data-id=\"8908e6f\" data-element_type=\"column\">\n\t\t\t<div class=\"elementor-widget-wrap elementor-element-populated\">\n\t\t\t\t\t\t\t\t<div class=\"elementor-element elementor-element-9cd40b3 elementor-widget-divider--view-line elementor-widget elementor-widget-divider\" data-id=\"9cd40b3\" data-element_type=\"widget\" data-widget_type=\"divider.default\">\n\t\t\t\t<div class=\"elementor-widget-container\">\n\t\t\t<style>\/*! elementor - v3.5.4 - 23-01-2022 *\/\n.elementor-widget-divider{--divider-border-style:none;--divider-border-width:1px;--divider-color:#2c2c2c;--divider-icon-size:20px;--divider-element-spacing:10px;--divider-pattern-height:24px;--divider-pattern-size:20px;--divider-pattern-url:none;--divider-pattern-repeat:repeat-x}.elementor-widget-divider .elementor-divider{display:-webkit-box;display:-ms-flexbox;display:flex}.elementor-widget-divider .elementor-divider__text{font-size:15px;line-height:1;max-width:95%}.elementor-widget-divider .elementor-divider__element{margin:0 var(--divider-element-spacing);-ms-flex-negative:0;flex-shrink:0}.elementor-widget-divider .elementor-icon{font-size:var(--divider-icon-size)}.elementor-widget-divider .elementor-divider-separator{display:-webkit-box;display:-ms-flexbox;display:flex;margin:0;direction:ltr}.elementor-widget-divider--view-line_icon .elementor-divider-separator,.elementor-widget-divider--view-line_text .elementor-divider-separator{-webkit-box-align:center;-ms-flex-align:center;align-items:center}.elementor-widget-divider--view-line_icon .elementor-divider-separator:after,.elementor-widget-divider--view-line_icon .elementor-divider-separator:before,.elementor-widget-divider--view-line_text .elementor-divider-separator:after,.elementor-widget-divider--view-line_text .elementor-divider-separator:before{display:block;content:\"\";border-bottom:0;-webkit-box-flex:1;-ms-flex-positive:1;flex-grow:1;border-top:var(--divider-border-width) var(--divider-border-style) var(--divider-color)}.elementor-widget-divider--element-align-left .elementor-divider .elementor-divider-separator>.elementor-divider__svg:first-of-type{-webkit-box-flex:0;-ms-flex-positive:0;flex-grow:0;-ms-flex-negative:100;flex-shrink:100}.elementor-widget-divider--element-align-left .elementor-divider-separator:before{content:none}.elementor-widget-divider--element-align-left .elementor-divider__element{margin-left:0}.elementor-widget-divider--element-align-right .elementor-divider .elementor-divider-separator>.elementor-divider__svg:last-of-type{-webkit-box-flex:0;-ms-flex-positive:0;flex-grow:0;-ms-flex-negative:100;flex-shrink:100}.elementor-widget-divider--element-align-right .elementor-divider-separator:after{content:none}.elementor-widget-divider--element-align-right .elementor-divider__element{margin-right:0}.elementor-widget-divider:not(.elementor-widget-divider--view-line_text):not(.elementor-widget-divider--view-line_icon) .elementor-divider-separator{border-top:var(--divider-border-width) var(--divider-border-style) var(--divider-color)}.elementor-widget-divider--separator-type-pattern{--divider-border-style:none}.elementor-widget-divider--separator-type-pattern.elementor-widget-divider--view-line .elementor-divider-separator,.elementor-widget-divider--separator-type-pattern:not(.elementor-widget-divider--view-line) .elementor-divider-separator:after,.elementor-widget-divider--separator-type-pattern:not(.elementor-widget-divider--view-line) .elementor-divider-separator:before,.elementor-widget-divider--separator-type-pattern:not([class*=elementor-widget-divider--view]) .elementor-divider-separator{width:100%;min-height:var(--divider-pattern-height);-webkit-mask-size:var(--divider-pattern-size) 100%;mask-size:var(--divider-pattern-size) 100%;-webkit-mask-repeat:var(--divider-pattern-repeat);mask-repeat:var(--divider-pattern-repeat);background-color:var(--divider-color);-webkit-mask-image:var(--divider-pattern-url);mask-image:var(--divider-pattern-url)}.elementor-widget-divider--no-spacing{--divider-pattern-size:auto}.elementor-widget-divider--bg-round{--divider-pattern-repeat:round}.rtl .elementor-widget-divider .elementor-divider__text{direction:rtl}<\/style>\t\t<div class=\"elementor-divider\">\n\t\t\t<span class=\"elementor-divider-separator\">\n\t\t\t\t\t\t<\/span>\n\t\t<\/div>\n\t\t\t\t<\/div>\n\t\t\t\t<\/div>\n\t\t\t\t\t<\/div>\n\t\t<\/div>\n\t\t\t\t\t\t\t<\/div>\n\t\t<\/section>\n\t\t\t\t<section class=\"elementor-section elementor-top-section elementor-element elementor-element-e751a98 elementor-section-boxed elementor-section-height-default elementor-section-height-default edgtf-elementor-container-no edgtf-section edgtf-parallax-section-holder-touch-disabled edgtf-parallax-section-no\" data-id=\"e751a98\" data-element_type=\"section\">\n\t\t\t\t\t\t<div class=\"elementor-container elementor-column-gap-default\">\n\t\t\t\t\t<div class=\"elementor-column elementor-col-33 elementor-top-column elementor-element elementor-element-f33b481\" data-id=\"f33b481\" data-element_type=\"column\">\n\t\t\t<div class=\"elementor-widget-wrap elementor-element-populated\">\n\t\t\t\t\t\t\t\t<div class=\"elementor-element elementor-element-8b4ae25 elementor-widget elementor-widget-edgtf_title_with_number\" data-id=\"8b4ae25\" data-element_type=\"widget\" data-widget_type=\"edgtf_title_with_number.default\">\n\t\t\t\t<div class=\"elementor-widget-container\">\n\t\t\t<h3 class=\"edgtf-title-with-number\" >\n\t<span class=\"edgtf-twn-number\">-<\/span>Un accompagnement global et sur-mesure<\/h3>\t\t<\/div>\n\t\t\t\t<\/div>\n\t\t\t\t<div class=\"elementor-element elementor-element-257a422 elementor-widget elementor-widget-text-editor\" data-id=\"257a422\" data-element_type=\"widget\" data-widget_type=\"text-editor.default\">\n\t\t\t\t<div class=\"elementor-widget-container\">\n\t\t\t<style>\/*! elementor - v3.5.4 - 23-01-2022 *\/\n.elementor-widget-text-editor.elementor-drop-cap-view-stacked .elementor-drop-cap{background-color:#818a91;color:#fff}.elementor-widget-text-editor.elementor-drop-cap-view-framed .elementor-drop-cap{color:#818a91;border:3px solid;background-color:transparent}.elementor-widget-text-editor:not(.elementor-drop-cap-view-default) .elementor-drop-cap{margin-top:8px}.elementor-widget-text-editor:not(.elementor-drop-cap-view-default) .elementor-drop-cap-letter{width:1em;height:1em}.elementor-widget-text-editor .elementor-drop-cap{float:left;text-align:center;line-height:1;font-size:50px}.elementor-widget-text-editor .elementor-drop-cap-letter{display:inline-block}<\/style>\t\t\t\t<p>Chaque femme vit cette p\u00e9riode diff\u00e9remment. C\u2019est pourquoi mon accompagnement prend en compte :<\/p><ul><li>Vos sympt\u00f4mes physiques (bouff\u00e9es de chaleur, prise de poids, troubles du sommeil, s\u00e9cheresse, fatigue\u2026)<\/li><li>Vos \u00e9motions (irritabilit\u00e9, anxi\u00e9t\u00e9, perte de rep\u00e8res, tristesse\u2026)<\/li><li>Vos besoins profonds (\u00e9quilibre hormonal, bien-\u00eatre digestif, gestion du stress, ancrage, acceptation de soi\u2026)<\/li><\/ul><p>Mon approche m\u00eale :<\/p><ul><li>Bilan de vitalit\u00e9 naturopathique<\/li><li>Conseils alimentaires doux et respectueux<\/li><li>Soutien par les plantes (phyto, gemmo, huiles essentielles\u2026)<\/li><li>Exercices de respiration, relaxation, ancrage<\/li><li>Suggestions de rituels et routines bien-\u00eatre simples \u00e0 int\u00e9grer au quotidien<\/li><\/ul>\t\t\t\t\t\t<\/div>\n\t\t\t\t<\/div>\n\t\t\t\t<div class=\"elementor-element elementor-element-2296478 elementor-widget elementor-widget-edgtf_separator\" data-id=\"2296478\" data-element_type=\"widget\" data-widget_type=\"edgtf_separator.default\">\n\t\t\t\t<div class=\"elementor-widget-container\">\n\t\t\t<div class=\"edgtf-separator-holder clearfix  edgtf-separator-center edgtf-separator-normal\">\n\t<div class=\"edgtf-separator\" style=\"border-color: #E4DDDD;width: 100%;border-bottom-width: 2px;margin-top: 0px;margin-bottom: 40px\"><\/div>\n<\/div>\n\t\t<\/div>\n\t\t\t\t<\/div>\n\t\t\t\t\t<\/div>\n\t\t<\/div>\n\t\t\t\t<div class=\"elementor-column elementor-col-33 elementor-top-column elementor-element elementor-element-6b75f4f\" data-id=\"6b75f4f\" data-element_type=\"column\">\n\t\t\t<div class=\"elementor-widget-wrap elementor-element-populated\">\n\t\t\t\t\t\t\t\t<div class=\"elementor-element elementor-element-32e1247 elementor-widget elementor-widget-edgtf_title_with_number\" data-id=\"32e1247\" data-element_type=\"widget\" data-widget_type=\"edgtf_title_with_number.default\">\n\t\t\t\t<div class=\"elementor-widget-container\">\n\t\t\t<h3 class=\"edgtf-title-with-number\" >\n\t<span class=\"edgtf-twn-number\">-<\/span>Des soins pour le corps et l\u2019esprit<\/h3>\t\t<\/div>\n\t\t\t\t<\/div>\n\t\t\t\t<div class=\"elementor-element elementor-element-100c2f6 elementor-widget elementor-widget-text-editor\" data-id=\"100c2f6\" data-element_type=\"widget\" data-widget_type=\"text-editor.default\">\n\t\t\t\t<div class=\"elementor-widget-container\">\n\t\t\t\t\t\t\t<p>En compl\u00e9ment de l&#8217;accompagnement, je vous propose des soins cibl\u00e9s pour accompagner cette transformation :<\/p><ul><li>Soins LPG anti-\u00e2ge &amp; raffermissants (visage et corps)<\/li><li>Hypnose th\u00e9rapeutique (pour mieux vivre les changements, accueillir son image, retrouver confiance)<\/li><li>Massages d\u00e9tox, drainants ou relaxants<\/li><li>M\u00e9ditations guid\u00e9es et bains sonores pour se recentrer<\/li><\/ul>\t\t\t\t\t\t<\/div>\n\t\t\t\t<\/div>\n\t\t\t\t<div class=\"elementor-element elementor-element-949bd2a elementor-widget elementor-widget-image\" data-id=\"949bd2a\" data-element_type=\"widget\" data-widget_type=\"image.default\">\n\t\t\t\t<div class=\"elementor-widget-container\">\n\t\t\t<style>\/*! elementor - v3.5.4 - 23-01-2022 *\/\n.elementor-widget-image{text-align:center}.elementor-widget-image a{display:inline-block}.elementor-widget-image a img[src$=\".svg\"]{width:48px}.elementor-widget-image img{vertical-align:middle;display:inline-block}<\/style>\t\t\t\t\t\t\t\t\t\t\t\t<img width=\"720\" height=\"480\" src=\"https:\/\/naturelb.lu\/wp-content\/uploads\/2025\/10\/Preparer-son-corps-a-lautomne-avec-la-naturopathie.png\" class=\"attachment-large size-large\" alt=\"\" loading=\"lazy\" srcset=\"https:\/\/naturelb.lu\/wp-content\/uploads\/2025\/10\/Preparer-son-corps-a-lautomne-avec-la-naturopathie.png 720w, https:\/\/naturelb.lu\/wp-content\/uploads\/2025\/10\/Preparer-son-corps-a-lautomne-avec-la-naturopathie-640x427.png 640w\" sizes=\"(max-width: 720px) 100vw, 720px\" \/>\t\t\t\t\t\t\t\t\t\t\t\t\t\t\t<\/div>\n\t\t\t\t<\/div>\n\t\t\t\t<div class=\"elementor-element elementor-element-df9a2a6 elementor-widget elementor-widget-edgtf_separator\" data-id=\"df9a2a6\" data-element_type=\"widget\" data-widget_type=\"edgtf_separator.default\">\n\t\t\t\t<div class=\"elementor-widget-container\">\n\t\t\t<div class=\"edgtf-separator-holder clearfix  edgtf-separator-center edgtf-separator-normal\">\n\t<div class=\"edgtf-separator\" style=\"border-color: #E4DDDD;width: 100%;border-bottom-width: 2px;margin-top: 0px;margin-bottom: 40px\"><\/div>\n<\/div>\n\t\t<\/div>\n\t\t\t\t<\/div>\n\t\t\t\t\t<\/div>\n\t\t<\/div>\n\t\t\t\t<div class=\"elementor-column elementor-col-33 elementor-top-column elementor-element elementor-element-fe54a6c\" data-id=\"fe54a6c\" data-element_type=\"column\">\n\t\t\t<div class=\"elementor-widget-wrap elementor-element-populated\">\n\t\t\t\t\t\t\t\t<div class=\"elementor-element elementor-element-02b6c90 elementor-widget elementor-widget-edgtf_title_with_number\" data-id=\"02b6c90\" data-element_type=\"widget\" data-widget_type=\"edgtf_title_with_number.default\">\n\t\t\t\t<div class=\"elementor-widget-container\">\n\t\t\t<h3 class=\"edgtf-title-with-number\" >\n\t<span class=\"edgtf-twn-number\">-<\/span>Une femme m\u00e9nopaus\u00e9e est une femme puissante<\/h3>\t\t<\/div>\n\t\t\t\t<\/div>\n\t\t\t\t<div class=\"elementor-element elementor-element-acf4e83 elementor-widget elementor-widget-text-editor\" data-id=\"acf4e83\" data-element_type=\"widget\" data-widget_type=\"text-editor.default\">\n\t\t\t\t<div class=\"elementor-widget-container\">\n\t\t\t\t\t\t\t<p>Ce n\u2019est pas un d\u00e9clin, c\u2019est une renaissance, un changement de saison int\u00e9rieure. Mon r\u00f4le est de vous aider \u00e0 vivre cette \u00e9tape avec s\u00e9r\u00e9nit\u00e9, clart\u00e9 et vitalit\u00e9, en respectant vos besoins, vos rythmes, votre unicit\u00e9.<\/p><p>Offrez-vous un accompagnement bienveillant et naturel.<\/p><p>Je vous propose un bilan initial suivi de s\u00e9ances r\u00e9guli\u00e8res ou ponctuelles, selon votre rythme et vos objectifs.<\/p>\t\t\t\t\t\t<\/div>\n\t\t\t\t<\/div>\n\t\t\t\t<div class=\"elementor-element elementor-element-88dc2f8 elementor-widget elementor-widget-edgtf_separator\" data-id=\"88dc2f8\" data-element_type=\"widget\" data-widget_type=\"edgtf_separator.default\">\n\t\t\t\t<div class=\"elementor-widget-container\">\n\t\t\t<div class=\"edgtf-separator-holder clearfix  edgtf-separator-center edgtf-separator-normal\">\n\t<div class=\"edgtf-separator\" style=\"border-color: #E4DDDD;width: 100%;border-bottom-width: 2px;margin-top: 0px;margin-bottom: 40px\"><\/div>\n<\/div>\n\t\t<\/div>\n\t\t\t\t<\/div>\n\t\t\t\t<div class=\"elementor-element elementor-element-80ad8a7 elementor-widget elementor-widget-edgtf_blockquote\" data-id=\"80ad8a7\" data-element_type=\"widget\" data-widget_type=\"edgtf_blockquote.default\">\n\t\t\t\t<div class=\"elementor-widget-container\">\n\t\t\t\n<blockquote class=\"edgtf-blockquote-shortcode\"  >\n\t<span class=\"edgtf-blockquote-text\">\n\t\t&quot;Contactez-moi pour \u00e9changer librement autour de vos besoins ou pour r\u00e9server une premi\u00e8re rencontre.&quot;\t<\/span>\n<\/blockquote>\t\t<\/div>\n\t\t\t\t<\/div>\n\t\t\t\t\t<\/div>\n\t\t<\/div>\n\t\t\t\t\t\t\t<\/div>\n\t\t<\/section>\n\t\t\t\t<section class=\"elementor-section elementor-top-section elementor-element elementor-element-ddcdeb0 elementor-section-boxed elementor-section-height-default elementor-section-height-default edgtf-elementor-container-no edgtf-section edgtf-parallax-section-holder-touch-disabled edgtf-parallax-section-no\" data-id=\"ddcdeb0\" data-element_type=\"section\" data-settings=\"{&quot;background_background&quot;:&quot;classic&quot;}\">\n\t\t\t\t\t\t<div class=\"elementor-container elementor-column-gap-default\">\n\t\t\t\t\t<div class=\"elementor-column elementor-col-100 elementor-top-column elementor-element elementor-element-f02af88\" data-id=\"f02af88\" data-element_type=\"column\" data-settings=\"{&quot;background_background&quot;:&quot;classic&quot;}\">\n\t\t\t<div class=\"elementor-widget-wrap elementor-element-populated\">\n\t\t\t\t\t\t\t\t<div class=\"elementor-element elementor-element-f7db8fb elementor-widget elementor-widget-edgtf_call_to_action\" data-id=\"f7db8fb\" data-element_type=\"widget\" data-widget_type=\"edgtf_call_to_action.default\">\n\t\t\t\t<div class=\"elementor-widget-container\">\n\t\t\t\t<div class=\"edgtf-container-inner\">\n\t<div class=\"edgtf-call-to-action normal\" style=\"background-color: #FCBF48;\">\n\n\t\t\t\t\t<div class=\"edgtf-call-to-action-row-75-25 clearfix\" >\n\t\t\t\t\t\t<div class=\"edgtf-text-wrapper edgtf-call-to-action-column1 edgtf-call-to-action-cell \">\n\t\t\t\t\t<div class=\"edgtf-call-to-action-text\" style=\"text-align: center\"><h2 style=\"text-align: left;\"><span style=\"color: #ffffff;\">Inscrivez-vous \u00e0 notre newsletter<\/span><\/h2>\t\t\t\t\t\t\t\t\t\t\t<\/div>\n\t\t\t\t<\/div>\n\n\t\t\t\t\t\t\t\t\t<div class=\"edgtf-button-wrapper edgtf-call-to-action-column2 edgtf-call-to-action-cell\" style =\"text-align:  ;\">\n\t\t\t\t\t\t<a itemprop=\"url\" href=\"http:\/\/naturelb.lu\/?page_id=19141\" target=\"_blank\" style=\"color: #FFFFFF;background-color: #FCBF48;border-color: #FFFFFF\" class=\"edgtf-btn edgtf-btn-medium edgtf-btn-solid edgtf-btn-custom-hover-bg edgtf-btn-custom-hover-color\" data-hover-bg-color=\"#FFFFFF\" data-hover-color=\"#212121\" >\t<span class=\"edgtf-btn-text\">Inscription<\/span>    <\/a>\t\t\t\t\t<\/div>\n\t\t\t\t\t\t\t<\/div>\n\t\t\t<\/div>\n\t<\/div>\n\t\t<\/div>\n\t\t\t\t<\/div>\n\t\t\t\t\t<\/div>\n\t\t<\/div>\n\t\t\t\t\t\t\t<\/div>\n\t\t<\/section>\n\t\t\t\t\t\t<\/div>\n\t\t\t\t\t<\/div>\n\t\t","protected":false},"excerpt":{"rendered":"<p>Accompagner le corps, apaiser l\u2019esprit, honorer cette nouvelle \u00e9tape. La m\u00e9nopause n\u2019est pas une fin, c\u2019est une transition. Un changement profond, parfois d\u00e9stabilisant, mais aussi une occasion de renouer avec soi-m\u00eame, de se recentrer sur ses besoins, son \u00e9nergie, son rythme. Je vous propose un accompagnement global, doux et naturel, bas\u00e9 sur la naturopathie, l&#8217;\u00e9coute&#8230;<\/p>\n","protected":false},"author":2,"featured_media":0,"parent":0,"menu_order":0,"comment_status":"closed","ping_status":"closed","template":"full-width.php","meta":[],"yoast_head":"<!-- This site is optimized with the Yoast SEO plugin v19.13 - https:\/\/yoast.com\/wordpress\/plugins\/seo\/ -->\n<title>La m\u00e9nopause : honorer cette nouvelle \u00e9tape - Institut Naturel Beaut\u00e9<\/title>\n<meta name=\"robots\" content=\"index, follow, max-snippet:-1, max-image-preview:large, max-video-preview:-1\" \/>\n<link rel=\"canonical\" href=\"https:\/\/naturelb.lu\/?page_id=20438\" \/>\n<meta property=\"og:locale\" content=\"en_US\" \/>\n<meta property=\"og:type\" content=\"article\" \/>\n<meta property=\"og:title\" content=\"La m\u00e9nopause : honorer cette nouvelle \u00e9tape - Institut Naturel Beaut\u00e9\" \/>\n<meta property=\"og:description\" content=\"Accompagner le corps, apaiser l\u2019esprit, honorer cette nouvelle \u00e9tape. La m\u00e9nopause n\u2019est pas une fin, c\u2019est une transition. Un changement profond, parfois d\u00e9stabilisant, mais aussi une occasion de renouer avec soi-m\u00eame, de se recentrer sur ses besoins, son \u00e9nergie, son rythme. Je vous propose un accompagnement global, doux et naturel, bas\u00e9 sur la naturopathie, l&#8217;\u00e9coute...\" \/>\n<meta property=\"og:url\" content=\"https:\/\/naturelb.lu\/?page_id=20438\" \/>\n<meta property=\"og:site_name\" content=\"Institut Naturel Beaut\u00e9\" \/>\n<meta property=\"article:modified_time\" content=\"2025-11-14T10:05:54+00:00\" \/>\n<meta property=\"og:image\" content=\"https:\/\/naturelb.lu\/wp-content\/uploads\/2025\/10\/Preparer-son-corps-a-lautomne-avec-la-naturopathie.png\" \/>\n<meta name=\"twitter:card\" content=\"summary_large_image\" \/>\n<meta name=\"twitter:label1\" content=\"Est. reading time\" \/>\n\t<meta name=\"twitter:data1\" content=\"2 minutes\" \/>\n<script type=\"application\/ld+json\" class=\"yoast-schema-graph\">{\"@context\":\"https:\/\/schema.org\",\"@graph\":[{\"@type\":\"WebPage\",\"@id\":\"https:\/\/naturelb.lu\/?page_id=20438\",\"url\":\"https:\/\/naturelb.lu\/?page_id=20438\",\"name\":\"La m\u00e9nopause : honorer cette nouvelle \u00e9tape - Institut Naturel Beaut\u00e9\",\"isPartOf\":{\"@id\":\"https:\/\/naturelb.lu\/#website\"},\"datePublished\":\"2025-10-29T14:22:23+00:00\",\"dateModified\":\"2025-11-14T10:05:54+00:00\",\"breadcrumb\":{\"@id\":\"https:\/\/naturelb.lu\/?page_id=20438#breadcrumb\"},\"inLanguage\":\"en-US\",\"potentialAction\":[{\"@type\":\"ReadAction\",\"target\":[\"https:\/\/naturelb.lu\/?page_id=20438\"]}]},{\"@type\":\"BreadcrumbList\",\"@id\":\"https:\/\/naturelb.lu\/?page_id=20438#breadcrumb\",\"itemListElement\":[{\"@type\":\"ListItem\",\"position\":1,\"name\":\"Accueil\",\"item\":\"https:\/\/naturelb.lu\/\"},{\"@type\":\"ListItem\",\"position\":2,\"name\":\"La m\u00e9nopause : honorer cette nouvelle \u00e9tape\"}]},{\"@type\":\"WebSite\",\"@id\":\"https:\/\/naturelb.lu\/#website\",\"url\":\"https:\/\/naturelb.lu\/\",\"name\":\"Institut Naturel Beaut\u00e9\",\"description\":\"\",\"potentialAction\":[{\"@type\":\"SearchAction\",\"target\":{\"@type\":\"EntryPoint\",\"urlTemplate\":\"https:\/\/naturelb.lu\/?s={search_term_string}\"},\"query-input\":\"required name=search_term_string\"}],\"inLanguage\":\"en-US\"}]}<\/script>\n<!-- \/ Yoast SEO plugin. -->","yoast_head_json":{"title":"La m\u00e9nopause : honorer cette nouvelle \u00e9tape - Institut Naturel Beaut\u00e9","robots":{"index":"index","follow":"follow","max-snippet":"max-snippet:-1","max-image-preview":"max-image-preview:large","max-video-preview":"max-video-preview:-1"},"canonical":"https:\/\/naturelb.lu\/?page_id=20438","og_locale":"en_US","og_type":"article","og_title":"La m\u00e9nopause : honorer cette nouvelle \u00e9tape - Institut Naturel Beaut\u00e9","og_description":"Accompagner le corps, apaiser l\u2019esprit, honorer cette nouvelle \u00e9tape. La m\u00e9nopause n\u2019est pas une fin, c\u2019est une transition. Un changement profond, parfois d\u00e9stabilisant, mais aussi une occasion de renouer avec soi-m\u00eame, de se recentrer sur ses besoins, son \u00e9nergie, son rythme. Je vous propose un accompagnement global, doux et naturel, bas\u00e9 sur la naturopathie, l&#8217;\u00e9coute...","og_url":"https:\/\/naturelb.lu\/?page_id=20438","og_site_name":"Institut Naturel Beaut\u00e9","article_modified_time":"2025-11-14T10:05:54+00:00","og_image":[{"url":"https:\/\/naturelb.lu\/wp-content\/uploads\/2025\/10\/Preparer-son-corps-a-lautomne-avec-la-naturopathie.png"}],"twitter_card":"summary_large_image","twitter_misc":{"Est. reading time":"2 minutes"},"schema":{"@context":"https:\/\/schema.org","@graph":[{"@type":"WebPage","@id":"https:\/\/naturelb.lu\/?page_id=20438","url":"https:\/\/naturelb.lu\/?page_id=20438","name":"La m\u00e9nopause : honorer cette nouvelle \u00e9tape - Institut Naturel Beaut\u00e9","isPartOf":{"@id":"https:\/\/naturelb.lu\/#website"},"datePublished":"2025-10-29T14:22:23+00:00","dateModified":"2025-11-14T10:05:54+00:00","breadcrumb":{"@id":"https:\/\/naturelb.lu\/?page_id=20438#breadcrumb"},"inLanguage":"en-US","potentialAction":[{"@type":"ReadAction","target":["https:\/\/naturelb.lu\/?page_id=20438"]}]},{"@type":"BreadcrumbList","@id":"https:\/\/naturelb.lu\/?page_id=20438#breadcrumb","itemListElement":[{"@type":"ListItem","position":1,"name":"Accueil","item":"https:\/\/naturelb.lu\/"},{"@type":"ListItem","position":2,"name":"La m\u00e9nopause : honorer cette nouvelle \u00e9tape"}]},{"@type":"WebSite","@id":"https:\/\/naturelb.lu\/#website","url":"https:\/\/naturelb.lu\/","name":"Institut Naturel Beaut\u00e9","description":"","potentialAction":[{"@type":"SearchAction","target":{"@type":"EntryPoint","urlTemplate":"https:\/\/naturelb.lu\/?s={search_term_string}"},"query-input":"required name=search_term_string"}],"inLanguage":"en-US"}]}},"_links":{"self":[{"href":"https:\/\/naturelb.lu\/index.php?rest_route=\/wp\/v2\/pages\/20438"}],"collection":[{"href":"https:\/\/naturelb.lu\/index.php?rest_route=\/wp\/v2\/pages"}],"about":[{"href":"https:\/\/naturelb.lu\/index.php?rest_route=\/wp\/v2\/types\/page"}],"author":[{"embeddable":true,"href":"https:\/\/naturelb.lu\/index.php?rest_route=\/wp\/v2\/users\/2"}],"replies":[{"embeddable":true,"href":"https:\/\/naturelb.lu\/index.php?rest_route=%2Fwp%2Fv2%2Fcomments&post=20438"}],"version-history":[{"count":19,"href":"https:\/\/naturelb.lu\/index.php?rest_route=\/wp\/v2\/pages\/20438\/revisions"}],"predecessor-version":[{"id":20514,"href":"https:\/\/naturelb.lu\/index.php?rest_route=\/wp\/v2\/pages\/20438\/revisions\/20514"}],"wp:attachment":[{"href":"https:\/\/naturelb.lu\/index.php?rest_route=%2Fwp%2Fv2%2Fmedia&parent=20438"}],"curies":[{"name":"wp","href":"https:\/\/api.w.org\/{rel}","templated":true}]}}